{"id":1444,"date":"2025-05-26T07:45:11","date_gmt":"2025-05-26T07:45:11","guid":{"rendered":"https:\/\/clubhalterofiliacoruna.org\/?page_id=1444"},"modified":"2025-05-26T07:45:12","modified_gmt":"2025-05-26T07:45:12","slug":"el-equipo-tecnico-2-2","status":"publish","type":"page","link":"https:\/\/clubhalterofiliacoruna.org\/?page_id=1444","title":{"rendered":"El Equipo t\u00e9cnico"},"content":{"rendered":"<div class=\"wp-block-image\">\n<figure class=\"aligncenter size-large\"><img decoding=\"async\" data-src=\"https:\/\/clubhalterofiliacoruna.org\/wp-content\/uploads\/2020\/02\/vocal.jpg\" alt=\"\" src=\"data:image\/svg+xml;base64,PHN2ZyB3aWR0aD0iMSIgaGVpZ2h0PSIxIiB4bWxucz0iaHR0cDovL3d3dy53My5vcmcvMjAwMC9zdmciPjwvc3ZnPg==\" class=\"lazyload\" style=\"--smush-placeholder-width: 120px; --smush-placeholder-aspect-ratio: 120\/163;\" \/><figcaption class=\"wp-element-caption\">Diego Viera Rivas- director t\u00e9cnico, t\u00e9cnico nivel II<\/figcaption><\/figure>\n<\/div>\n\n\n<div class=\"wp-block-columns is-layout-flex wp-container-core-columns-is-layout-9d6595d7 wp-block-columns-is-layout-flex\">\n<div class=\"wp-block-column is-layout-flow wp-block-column-is-layout-flow\"><\/div>\n\n\n\n<div class=\"wp-block-column is-layout-flow wp-block-column-is-layout-flow\"><\/div>\n<\/div>\n\n\n\n<table style=\" width: 100%;\">\n  <tr>\n\n    <td >\n<center>\n      <img decoding=\"async\" data-src=\"https:\/\/clubhalterofiliacoruna.org\/wp-content\/uploads\/2020\/02\/directortecnico.jpg\" alt=\"Ferenc Szab\u00f3 Tat\u00e1r - licenciado INEF\u00a0en\u00a0Budapest\" style=\"--smush-placeholder-width: 119px; --smush-placeholder-aspect-ratio: 119\/162;width: 100px; height: auto;\" src=\"data:image\/svg+xml;base64,PHN2ZyB3aWR0aD0iMSIgaGVpZ2h0PSIxIiB4bWxucz0iaHR0cDovL3d3dy53My5vcmcvMjAwMC9zdmciPjwvc3ZnPg==\" class=\"lazyload\">\n      <div>Ferenc Szab\u00f3 Tat\u00e1r <br> licenciado INEF\u00a0en\u00a0Budapest<\/div>\n<\/center>\n    <\/td>\n    <td>\n<center>\n      <img decoding=\"async\" data-src=\"https:\/\/clubhalterofiliacoruna.org\/wp-content\/uploads\/2020\/02\/tesorero.jpg\" alt=\"Entrenador Nivel II\" style=\"--smush-placeholder-width: 119px; --smush-placeholder-aspect-ratio: 119\/164;width: 100px; height: auto;\" src=\"data:image\/svg+xml;base64,PHN2ZyB3aWR0aD0iMSIgaGVpZ2h0PSIxIiB4bWxucz0iaHR0cDovL3d3dy53My5vcmcvMjAwMC9zdmciPjwvc3ZnPg==\" class=\"lazyload\">\n      <div>Jes\u00fas Albert Fidalgo Soto<br>T\u00e9cnico Nivel II<\/div>\n<\/center>\n    <\/td>\n  <\/tr>\n<\/table>\n\n\n\n<br><br><br><br>\n<table style=\" width: 100%;\">\n  <tr>\n \n    <td >\n<center>\n      <img decoding=\"async\" data-src=\"https:\/\/clubhalterofiliacoruna.org\/wp-content\/uploads\/2024\/02\/ireneblanco.jpg\" alt=\"Entrenador Nivel II\" style=\"--smush-placeholder-width: 1124px; --smush-placeholder-aspect-ratio: 1124\/1228;width: 100px; height: auto;\" src=\"data:image\/svg+xml;base64,PHN2ZyB3aWR0aD0iMSIgaGVpZ2h0PSIxIiB4bWxucz0iaHR0cDovL3d3dy53My5vcmcvMjAwMC9zdmciPjwvc3ZnPg==\" class=\"lazyload\">\n      <div>Irene Blanco Tarela<br>T\u00e9cnico Nivel I<\/div>\n<\/center>\n    <\/td>\n    <td>\n<center>\n      <img decoding=\"async\" data-src=\"https:\/\/clubhalterofiliacoruna.org\/wp-content\/uploads\/2024\/02\/Lucia-Lopez-Romero.jpg\" alt=\"Entrenador Nivel II\" style=\"--smush-placeholder-width: 1108px; --smush-placeholder-aspect-ratio: 1108\/1430;width: 100px; height: auto;\" src=\"data:image\/svg+xml;base64,PHN2ZyB3aWR0aD0iMSIgaGVpZ2h0PSIxIiB4bWxucz0iaHR0cDovL3d3dy53My5vcmcvMjAwMC9zdmciPjwvc3ZnPg==\" class=\"lazyload\">\n      <div>Luc\u00eda L\u00f3pez Romero<br>T\u00e9cnico Nivel I<\/div>\n<\/center>\n    <\/td>\n  <td>\n<center>\n      <img decoding=\"async\" data-src=\"https:\/\/clubhalterofiliacoruna.org\/wp-content\/uploads\/2025\/05\/irenemartinez.jpg\" alt=\"Entrenador Nivel II\" style=\"--smush-placeholder-width: 1238px; --smush-placeholder-aspect-ratio: 1238\/1547;width: 100px; height: auto;\" src=\"data:image\/svg+xml;base64,PHN2ZyB3aWR0aD0iMSIgaGVpZ2h0PSIxIiB4bWxucz0iaHR0cDovL3d3dy53My5vcmcvMjAwMC9zdmciPjwvc3ZnPg==\" class=\"lazyload\">\n      <div>Irene Mart\u00ednez Santiago<br>T\u00e9cnico Nivel I<\/div>\n<\/center>\n    <\/td>\n  <td>\n<center>\n      <img decoding=\"async\" data-src=\"https:\/\/clubhalterofiliacoruna.org\/wp-content\/uploads\/2025\/05\/paulacanedo-1.jpg\" alt=\"Entrenador Nivel II\" style=\"--smush-placeholder-width: 1230px; --smush-placeholder-aspect-ratio: 1230\/1532;width: 100px; height: auto;\" src=\"data:image\/svg+xml;base64,PHN2ZyB3aWR0aD0iMSIgaGVpZ2h0PSIxIiB4bWxucz0iaHR0cDovL3d3dy53My5vcmcvMjAwMC9zdmciPjwvc3ZnPg==\" class=\"lazyload\">\n      <div>Paula Canedo<br>T\u00e9cnico Nivel I<\/div>\n<\/center>\n    <\/td>\n  \n \n  <\/tr>\n<\/table>\n","protected":false},"excerpt":{"rendered":"<p>Ferenc Szab\u00f3 Tat\u00e1r licenciado INEF\u00a0en\u00a0Budapest Jes\u00fas Albert Fidalgo SotoT\u00e9cnico Nivel II Irene Blanco TarelaT\u00e9cnico Nivel I Luc\u00eda L\u00f3pez RomeroT\u00e9cnico Nivel I Irene Mart\u00ednez SantiagoT\u00e9cnico Nivel I Paula CanedoT\u00e9cnico Nivel I<\/p>\n","protected":false},"author":1,"featured_media":0,"parent":0,"menu_order":0,"comment_status":"closed","ping_status":"closed","template":"","meta":{"_kadence_starter_templates_imported_post":false,"_kad_post_transparent":"","_kad_post_title":"","_kad_post_layout":"","_kad_post_sidebar_id":"","_kad_post_content_style":"","_kad_post_vertical_padding":"","_kad_post_feature":"","_kad_post_feature_position":"","_kad_post_header":false,"_kad_post_footer":false,"_kad_post_classname":"","footnotes":""},"class_list":["post-1444","page","type-page","status-publish","hentry"],"_links":{"self":[{"href":"https:\/\/clubhalterofiliacoruna.org\/index.php?rest_route=\/wp\/v2\/pages\/1444","targetHints":{"allow":["GET"]}}],"collection":[{"href":"https:\/\/clubhalterofiliacoruna.org\/index.php?rest_route=\/wp\/v2\/pages"}],"about":[{"href":"https:\/\/clubhalterofiliacoruna.org\/index.php?rest_route=\/wp\/v2\/types\/page"}],"author":[{"embeddable":true,"href":"https:\/\/clubhalterofiliacoruna.org\/index.php?rest_route=\/wp\/v2\/users\/1"}],"replies":[{"embeddable":true,"href":"https:\/\/clubhalterofiliacoruna.org\/index.php?rest_route=%2Fwp%2Fv2%2Fcomments&post=1444"}],"version-history":[{"count":1,"href":"https:\/\/clubhalterofiliacoruna.org\/index.php?rest_route=\/wp\/v2\/pages\/1444\/revisions"}],"predecessor-version":[{"id":1445,"href":"https:\/\/clubhalterofiliacoruna.org\/index.php?rest_route=\/wp\/v2\/pages\/1444\/revisions\/1445"}],"wp:attachment":[{"href":"https:\/\/clubhalterofiliacoruna.org\/index.php?rest_route=%2Fwp%2Fv2%2Fmedia&parent=1444"}],"curies":[{"name":"wp","href":"https:\/\/api.w.org\/{rel}","templated":true}]}}